{"id":3497,"date":"2025-07-14T16:51:14","date_gmt":"2025-07-14T14:51:14","guid":{"rendered":"http:\/\/ayuntamiento-galera.demos-idento.es\/?page_id=3497"},"modified":"2025-07-30T09:32:15","modified_gmt":"2025-07-30T07:32:15","slug":"ayudas-y-subvenciones","status":"publish","type":"page","link":"https:\/\/ayuntamiento-galera.demos-idento.es\/es\/ayudas-y-subvenciones\/","title":{"rendered":"Ayudas y subvenciones"},"content":{"rendered":"\n<div class=\"wp-block-cover is-light ayudas-subvenciones\"><span aria-hidden=\"true\" class=\"wp-block-cover__background has-background-dim-100 has-background-dim\" style=\"background-color:#f5f5f5\"><\/span><div class=\"wp-block-cover__inner-container is-layout-constrained wp-block-cover-is-layout-constrained\">\n<div class=\"wp-block-group container d-flex column justify-content-center\"><div class=\"wp-block-group__inner-container is-layout-constrained wp-block-group-is-layout-constrained\">\n<div style=\"height:120px\" aria-hidden=\"true\" class=\"wp-block-spacer d-none d-md-block\"><\/div>\n\n\n\n<div style=\"height:48px\" aria-hidden=\"true\" class=\"wp-block-spacer d-md-none\"><\/div>\n\n\n\n<p class=\"has-text-align-center pretitulo animated fadeInUp has-text-color has-link-color has-medium-font-size wp-elements-7671809c02ee24395166d94bfebdf885\" style=\"color:#b30d00;text-transform:uppercase\">concedidas al<\/p>\n\n\n\n<h2 class=\"wp-block-heading has-text-align-center subrayado animated fadeInUp has-x-large-font-size\" style=\"font-style:normal;font-weight:100\">Ayuntamiento de Galera<\/h2>\n\n\n\n<div style=\"height:56px\" aria-hidden=\"true\" class=\"wp-block-spacer\"><\/div>\n<\/div><\/div>\n\n\n\n<div class=\"wp-block-group container animated fadeInUp\"><div class=\"wp-block-group__inner-container is-layout-constrained wp-block-group-is-layout-constrained\">\n<div class=\"wp-block-columns is-layout-flex wp-container-core-columns-is-layout-9d6595d7 wp-block-columns-is-layout-flex\">\n<div class=\"wp-block-column is-vertically-aligned-stretch card-ayuda d-flex flex-column justify-content-between is-layout-flow wp-block-column-is-layout-flow\">\n<div class=\"wp-block-group\"><div class=\"wp-block-group__inner-container is-layout-constrained wp-block-group-is-layout-constrained\">\n<figure class=\"wp-block-image size-full\"><img loading=\"lazy\" decoding=\"async\" width=\"403\" height=\"220\" src=\"https:\/\/ayuntamiento-galera.demos-idento.es\/wp-content\/uploads\/Picture.png\" alt=\"\" class=\"wp-image-3595\"\/><\/figure>\n\n\n\n<div style=\"height:24px\" aria-hidden=\"true\" class=\"wp-block-spacer\"><\/div>\n\n\n\n<p class=\"has-medium-font-size\">El ayuntamiento de Galera ha sido beneficiario de una subvenci\u00f3n de 361.135,97\u20ac para renovar el alumbrado p\u00fablico del municipio con la instalaci\u00f3n de nuevas farolas de tecnolog\u00eda LED.<\/p>\n\n\n\n<div style=\"height:15px\" aria-hidden=\"true\" class=\"wp-block-spacer\"><\/div>\n<\/div><\/div>\n\n\n\n<p class=\"has-medium-font-size\"><a href=\"https:\/\/ayuntamiento-galera.demos-idento.es\/subvenciones-del-ayuntamiento-de-galera-eficiencia-energetica-y-alumbrado-led\/\">Leer la noticia<\/a><\/p>\n<\/div>\n\n\n\n<div class=\"wp-block-column is-vertically-aligned-stretch card-ayuda d-flex flex-column justify-content-between is-layout-flow wp-block-column-is-layout-flow\">\n<div class=\"wp-block-group\"><div class=\"wp-block-group__inner-container is-layout-constrained wp-block-group-is-layout-constrained\">\n<figure class=\"wp-block-image size-full\"><img loading=\"lazy\" decoding=\"async\" width=\"403\" height=\"220\" src=\"https:\/\/ayuntamiento-galera.demos-idento.es\/wp-content\/uploads\/Pictussssre.png\" alt=\"\" class=\"wp-image-3596\" style=\"object-fit:cover\"\/><\/figure>\n\n\n\n<div style=\"height:24px\" aria-hidden=\"true\" class=\"wp-block-spacer\"><\/div>\n\n\n\n<p class=\"has-medium-font-size\">Tercer programa especial de apoyo a municipios para favorecer la cohesi\u00f3n e inclusi\u00f3n social y facilitar la recuperaci\u00f3n ante necesidades de urgencia social.<\/p>\n\n\n\n<div style=\"height:15px\" aria-hidden=\"true\" class=\"wp-block-spacer\"><\/div>\n<\/div><\/div>\n\n\n\n<p class=\"has-medium-font-size\"><a href=\"https:\/\/ayuntamiento-galera.demos-idento.es\/iniciativas-sociales-ayudas-de-la-diputacion-de-granada-a-galera\/\">Leer la noticia<\/a><\/p>\n<\/div>\n\n\n\n<div class=\"wp-block-column is-vertically-aligned-stretch card-ayuda d-flex flex-column justify-content-between is-layout-flow wp-block-column-is-layout-flow\">\n<div class=\"wp-block-group\"><div class=\"wp-block-group__inner-container is-layout-constrained wp-block-group-is-layout-constrained\">\n<figure class=\"wp-block-image size-full\"><img loading=\"lazy\" decoding=\"async\" width=\"403\" height=\"220\" src=\"https:\/\/ayuntamiento-galera.demos-idento.es\/wp-content\/uploads\/Picturssssse.png\" alt=\"\" class=\"wp-image-3594\"\/><\/figure>\n\n\n\n<div style=\"height:24px\" aria-hidden=\"true\" class=\"wp-block-spacer\"><\/div>\n\n\n\n<p class=\"has-medium-font-size\">Segundo programa especial de apoyo a municipios para favorecer la cohesi\u00f3n e inclusi\u00f3n social y facilitar la recuperaci\u00f3n ante necesidades de urgencia social.<\/p>\n\n\n\n<div style=\"height:15px\" aria-hidden=\"true\" class=\"wp-block-spacer\"><\/div>\n<\/div><\/div>\n\n\n\n<p class=\"has-medium-font-size\"><a href=\"https:\/\/ayuntamiento-galera.demos-idento.es\/ruta-de-los-chozones-patrimonio-y-cicloturismo-con-respaldo-europeo-y-provincial\/\">Leer la noticia<\/a><\/p>\n<\/div>\n<\/div>\n<\/div><\/div>\n\n\n\n<div style=\"height:120px\" aria-hidden=\"true\" class=\"wp-block-spacer d-none d-md-block\"><\/div>\n\n\n\n<div style=\"height:48px\" aria-hidden=\"true\" class=\"wp-block-spacer d-md-none\"><\/div>\n<\/div><\/div>\n","protected":false},"excerpt":{"rendered":"","protected":false},"author":1,"featured_media":0,"parent":0,"menu_order":0,"comment_status":"closed","ping_status":"closed","template":"template-basico.php","meta":{"_acf_changed":false,"footnotes":""},"class_list":["post-3497","page","type-page","status-publish","hentry"],"acf":[],"yoast_head":"<!-- This site is optimized with the Yoast SEO plugin v22.9 - https:\/\/yoast.com\/wordpress\/plugins\/seo\/ -->\n<title>Ayudas y subvenciones | Ayuntamiento de Galera<\/title>\n<meta name=\"robots\" content=\"index, follow, max-snippet:-1, max-image-preview:large, max-video-preview:-1\" \/>\n<link rel=\"canonical\" href=\"https:\/\/ayuntamiento-galera.demos-idento.es\/es\/ayudas-y-subvenciones\/\" \/>\n<meta property=\"og:locale\" content=\"es_ES\" \/>\n<meta property=\"og:type\" content=\"article\" \/>\n<meta property=\"og:title\" content=\"Ayudas y subvenciones | Ayuntamiento de Galera\" \/>\n<meta property=\"og:url\" content=\"https:\/\/ayuntamiento-galera.demos-idento.es\/es\/ayudas-y-subvenciones\/\" \/>\n<meta property=\"og:site_name\" content=\"Ayuntamiento de Galera\" \/>\n<meta property=\"article:modified_time\" content=\"2025-07-30T07:32:15+00:00\" \/>\n<meta property=\"og:image\" content=\"https:\/\/ayuntamiento-galera.demos-idento.es\/wp-content\/uploads\/Picture.png\" \/>\n<meta name=\"twitter:card\" content=\"summary_large_image\" \/>\n<meta name=\"twitter:label1\" content=\"Tiempo de lectura\" \/>\n\t<meta name=\"twitter:data1\" content=\"2 minutos\" \/>\n<script type=\"application\/ld+json\" class=\"yoast-schema-graph\">{\"@context\":\"https:\/\/schema.org\",\"@graph\":[{\"@type\":\"WebPage\",\"@id\":\"https:\/\/ayuntamiento-galera.demos-idento.es\/es\/ayudas-y-subvenciones\/\",\"url\":\"https:\/\/ayuntamiento-galera.demos-idento.es\/es\/ayudas-y-subvenciones\/\",\"name\":\"Ayudas y subvenciones | Ayuntamiento de Galera\",\"isPartOf\":{\"@id\":\"https:\/\/ayuntamiento-galera.demos-idento.es\/es\/#website\"},\"primaryImageOfPage\":{\"@id\":\"https:\/\/ayuntamiento-galera.demos-idento.es\/es\/ayudas-y-subvenciones\/#primaryimage\"},\"image\":{\"@id\":\"https:\/\/ayuntamiento-galera.demos-idento.es\/es\/ayudas-y-subvenciones\/#primaryimage\"},\"thumbnailUrl\":\"https:\/\/ayuntamiento-galera.demos-idento.es\/wp-content\/uploads\/Picture.png\",\"datePublished\":\"2025-07-14T14:51:14+00:00\",\"dateModified\":\"2025-07-30T07:32:15+00:00\",\"breadcrumb\":{\"@id\":\"https:\/\/ayuntamiento-galera.demos-idento.es\/es\/ayudas-y-subvenciones\/#breadcrumb\"},\"inLanguage\":\"es\",\"potentialAction\":[{\"@type\":\"ReadAction\",\"target\":[\"https:\/\/ayuntamiento-galera.demos-idento.es\/es\/ayudas-y-subvenciones\/\"]}]},{\"@type\":\"ImageObject\",\"inLanguage\":\"es\",\"@id\":\"https:\/\/ayuntamiento-galera.demos-idento.es\/es\/ayudas-y-subvenciones\/#primaryimage\",\"url\":\"https:\/\/ayuntamiento-galera.demos-idento.es\/wp-content\/uploads\/Picture.png\",\"contentUrl\":\"https:\/\/ayuntamiento-galera.demos-idento.es\/wp-content\/uploads\/Picture.png\"},{\"@type\":\"BreadcrumbList\",\"@id\":\"https:\/\/ayuntamiento-galera.demos-idento.es\/es\/ayudas-y-subvenciones\/#breadcrumb\",\"itemListElement\":[{\"@type\":\"ListItem\",\"position\":1,\"name\":\"Inicio\",\"item\":\"https:\/\/ayuntamiento-galera.demos-idento.es\/es\/\"},{\"@type\":\"ListItem\",\"position\":2,\"name\":\"Ayudas y subvenciones\"}]},{\"@type\":\"WebSite\",\"@id\":\"https:\/\/ayuntamiento-galera.demos-idento.es\/es\/#website\",\"url\":\"https:\/\/ayuntamiento-galera.demos-idento.es\/es\/\",\"name\":\"Ayuntamiento de Galera\",\"description\":\"Informaci\u00f3n oficial del Ayuntamiento de Galera: historia, servicios, noticias, eventos, contacto y tr\u00e1mites. Todo lo que necesitas saber sobre Galera.\",\"potentialAction\":[{\"@type\":\"SearchAction\",\"target\":{\"@type\":\"EntryPoint\",\"urlTemplate\":\"https:\/\/ayuntamiento-galera.demos-idento.es\/es\/?s={search_term_string}\"},\"query-input\":\"required name=search_term_string\"}],\"inLanguage\":\"es\"}]}<\/script>\n<!-- \/ Yoast SEO plugin. -->","yoast_head_json":{"title":"Ayudas y subvenciones | Ayuntamiento de Galera","robots":{"index":"index","follow":"follow","max-snippet":"max-snippet:-1","max-image-preview":"max-image-preview:large","max-video-preview":"max-video-preview:-1"},"canonical":"https:\/\/ayuntamiento-galera.demos-idento.es\/es\/ayudas-y-subvenciones\/","og_locale":"es_ES","og_type":"article","og_title":"Ayudas y subvenciones | Ayuntamiento de Galera","og_url":"https:\/\/ayuntamiento-galera.demos-idento.es\/es\/ayudas-y-subvenciones\/","og_site_name":"Ayuntamiento de Galera","article_modified_time":"2025-07-30T07:32:15+00:00","og_image":[{"url":"https:\/\/ayuntamiento-galera.demos-idento.es\/wp-content\/uploads\/Picture.png"}],"twitter_card":"summary_large_image","twitter_misc":{"Tiempo de lectura":"2 minutos"},"schema":{"@context":"https:\/\/schema.org","@graph":[{"@type":"WebPage","@id":"https:\/\/ayuntamiento-galera.demos-idento.es\/es\/ayudas-y-subvenciones\/","url":"https:\/\/ayuntamiento-galera.demos-idento.es\/es\/ayudas-y-subvenciones\/","name":"Ayudas y subvenciones | Ayuntamiento de Galera","isPartOf":{"@id":"https:\/\/ayuntamiento-galera.demos-idento.es\/es\/#website"},"primaryImageOfPage":{"@id":"https:\/\/ayuntamiento-galera.demos-idento.es\/es\/ayudas-y-subvenciones\/#primaryimage"},"image":{"@id":"https:\/\/ayuntamiento-galera.demos-idento.es\/es\/ayudas-y-subvenciones\/#primaryimage"},"thumbnailUrl":"https:\/\/ayuntamiento-galera.demos-idento.es\/wp-content\/uploads\/Picture.png","datePublished":"2025-07-14T14:51:14+00:00","dateModified":"2025-07-30T07:32:15+00:00","breadcrumb":{"@id":"https:\/\/ayuntamiento-galera.demos-idento.es\/es\/ayudas-y-subvenciones\/#breadcrumb"},"inLanguage":"es","potentialAction":[{"@type":"ReadAction","target":["https:\/\/ayuntamiento-galera.demos-idento.es\/es\/ayudas-y-subvenciones\/"]}]},{"@type":"ImageObject","inLanguage":"es","@id":"https:\/\/ayuntamiento-galera.demos-idento.es\/es\/ayudas-y-subvenciones\/#primaryimage","url":"https:\/\/ayuntamiento-galera.demos-idento.es\/wp-content\/uploads\/Picture.png","contentUrl":"https:\/\/ayuntamiento-galera.demos-idento.es\/wp-content\/uploads\/Picture.png"},{"@type":"BreadcrumbList","@id":"https:\/\/ayuntamiento-galera.demos-idento.es\/es\/ayudas-y-subvenciones\/#breadcrumb","itemListElement":[{"@type":"ListItem","position":1,"name":"Inicio","item":"https:\/\/ayuntamiento-galera.demos-idento.es\/es\/"},{"@type":"ListItem","position":2,"name":"Ayudas y subvenciones"}]},{"@type":"WebSite","@id":"https:\/\/ayuntamiento-galera.demos-idento.es\/es\/#website","url":"https:\/\/ayuntamiento-galera.demos-idento.es\/es\/","name":"Ayuntamiento de Galera","description":"Informaci\u00f3n oficial del Ayuntamiento de Galera: historia, servicios, noticias, eventos, contacto y tr\u00e1mites. Todo lo que necesitas saber sobre Galera.","potentialAction":[{"@type":"SearchAction","target":{"@type":"EntryPoint","urlTemplate":"https:\/\/ayuntamiento-galera.demos-idento.es\/es\/?s={search_term_string}"},"query-input":"required name=search_term_string"}],"inLanguage":"es"}]}},"_links":{"self":[{"href":"https:\/\/ayuntamiento-galera.demos-idento.es\/es\/wp-json\/wp\/v2\/pages\/3497","targetHints":{"allow":["GET"]}}],"collection":[{"href":"https:\/\/ayuntamiento-galera.demos-idento.es\/es\/wp-json\/wp\/v2\/pages"}],"about":[{"href":"https:\/\/ayuntamiento-galera.demos-idento.es\/es\/wp-json\/wp\/v2\/types\/page"}],"author":[{"embeddable":true,"href":"https:\/\/ayuntamiento-galera.demos-idento.es\/es\/wp-json\/wp\/v2\/users\/1"}],"replies":[{"embeddable":true,"href":"https:\/\/ayuntamiento-galera.demos-idento.es\/es\/wp-json\/wp\/v2\/comments?post=3497"}],"version-history":[{"count":5,"href":"https:\/\/ayuntamiento-galera.demos-idento.es\/es\/wp-json\/wp\/v2\/pages\/3497\/revisions"}],"predecessor-version":[{"id":3918,"href":"https:\/\/ayuntamiento-galera.demos-idento.es\/es\/wp-json\/wp\/v2\/pages\/3497\/revisions\/3918"}],"wp:attachment":[{"href":"https:\/\/ayuntamiento-galera.demos-idento.es\/es\/wp-json\/wp\/v2\/media?parent=3497"}],"curies":[{"name":"wp","href":"https:\/\/api.w.org\/{rel}","templated":true}]}}